{"id":3559,"date":"2026-04-20T15:36:28","date_gmt":"2026-04-20T12:36:28","guid":{"rendered":"https:\/\/www.ulemistetervisemaja.ee\/ligipaasetavuse-teatis\/"},"modified":"2026-04-21T13:43:26","modified_gmt":"2026-04-21T10:43:26","slug":"ligipaasetavuse-teatis","status":"publish","type":"page","link":"https:\/\/www.ulemistetervisemaja.ee\/en\/ligipaasetavuse-teatis\/","title":{"rendered":"Ligip\u00e4\u00e4setavuse teatis"},"content":{"rendered":"\n<h1 class=\"wp-block-heading\">Ligip\u00e4\u00e4setavuse teatis<\/h1>\n\n\n\n<p>Veebileht&nbsp;ulemistetervisemaja.ee&nbsp;kuulub \u00dclemiste Cityle, kes soovib, et veebileht oleks kasutatav v\u00f5imalikult paljudele inimestele ning vastaks ligip\u00e4\u00e4setavuse n\u00f5uetele.<\/p>\n\n\n\n<p>Teatis on koostatud 20.04.2026 v\u00e4lise hindaja poolt tehtud auditi p\u00f5hjal l\u00e4htuvalt Euroopa Liidu digiligip\u00e4\u00e4setavuse standardist&nbsp;<a href=\"https:\/\/www.etsi.org\/deliver\/etsi_en\/301500_301599\/301549\/03.02.01_60\/en_301549v030201p.pdf\">EN 301 549 V.3.2.1<\/a>.<\/p>\n\n\n\n<h2 class=\"wp-block-heading\">\u00dchilduvus<\/h2>\n\n\n\n<p>Ulemistetervisemaja.ee on loodud \u00fchilduma v\u00e4hemalt j\u00e4rgmiste vahenditega:<\/p>\n\n\n\n<ul class=\"wp-block-list\">\n<li>Chrome brauser arvutis koos f\u00fc\u00fcsilise klaviatuuriga;<\/li>\n\n\n\n<li>Safari brauser iOS-is koos f\u00fc\u00fcsilise klaviatuuriga;<\/li>\n\n\n\n<li>Chrome brauser arvutis koos\u00a0<a href=\"https:\/\/www.freedomscientific.com\/products\/software\/jaws\/\" target=\"_blank\" rel=\"noreferrer noopener\">JAWS<\/a>\u00a0ekraanilugejaga;<\/li>\n\n\n\n<li>Safari brauser iOS-is\u00a0<a href=\"https:\/\/support.apple.com\/en-gb\/guide\/voiceover\/welcome\/mac\" target=\"_blank\" rel=\"noreferrer noopener\">VoiceOver<\/a>\u00a0ekraanilugejaga;<\/li>\n\n\n\n<li>Safari brauser iOS-is\u00a0<a href=\"https:\/\/support.apple.com\/en-us\/111778\" target=\"_blank\" rel=\"noreferrer noopener\">Voice Control<\/a>\u00a0h\u00e4\u00e4lk\u00e4sklustega;<\/li>\n\n\n\n<li>Brauseri ja operatsioonis\u00fcsteemi suumimis- ja fondi suuruse suurendamise valikud (kuni 200%).<\/li>\n<\/ul>\n\n\n\n<h2 class=\"wp-block-heading\">Kontakt<\/h2>\n\n\n\n<p>Kui soovite anda tagasisidet ligip\u00e4\u00e4setavuse kohta v\u00f5i on midagi vajalikku j\u00e4\u00e4nud teie jaoks ligip\u00e4\u00e4smatuks, siis palun v\u00f5tke meiega \u00fchendust e-maili teel <a href=\"mailto:info@mainorulemiste.ee\">info@mainorulemiste.ee<\/a>.<br><br><\/p>\n\n\n\n<h2 class=\"wp-block-heading\">N\u00f5uetele vastavuse olek<\/h2>\n\n\n\n<p>Veebilehel on m\u00f5ned elemendid, mis ei vasta t\u00e4ielikult ligip\u00e4\u00e4setavuse n\u00f5uetele. J\u00e4rgnevalt on loetletud sisuosad, mis ei ole ligip\u00e4\u00e4setavad ning standardi EN 301&nbsp;549 ligip\u00e4\u00e4setavusn\u00f5uded, mis on mittevastavuses.<\/p>\n\n\n\n<ul class=\"wp-block-list\">\n<li>K\u00fcpsiste teade ei pruugi alluda lehek\u00fclje keeleseadetele ning ei pruugi olla t\u00f5lgitud valitud keelde. (9.3.1.2 Tekstiosade keel)<\/li>\n\n\n\n<li>Eestikeelsele tekstiosale ei pruugi olla m\u00e4rgitud korrektset keeleseadet ning ekraanilugeja v\u00f5ib seda ette lugeda vale h\u00e4\u00e4ldusega. (9.3.1.2 Tekstiosade keel)<\/li>\n\n\n\n<li>M\u00f5ni kaart ning selle lisainformatsioon v\u00f5ib olla esitatud pildina, mis ei allu lehek\u00fclje suurendamisele ning millel puudub tekstiline alternatiiv. (9.1.1.1 Mittetekstiline sisu, 9.1.4.5 Pildivormingus tekst)<\/li>\n\n\n\n<li>Parkimiskohtade teave kaardil v\u00f5ib olla eristatud vaid v\u00e4rvi abil. (9.1.4.1 V\u00e4rvikasutus)<\/li>\n\n\n\n<li>Mobiilivaates v\u00f5ib tekstisuurenduse kasutamisel tekkida kahtepidi kerimine, mist\u00f5ttu ei pruugi men\u00fc\u00fcnupu taga olla kontrastset tausta, muutes nupu raskesti n\u00e4htavaks. (9.1.4.11\u202f Mittetekstilise\u202fsisu kontrastsus)<\/li>\n<\/ul>\n","protected":false},"excerpt":{"rendered":"<p>Ligip\u00e4\u00e4setavuse teatis Veebileht&nbsp;ulemistetervisemaja.ee&nbsp;kuulub \u00dclemiste Cityle, kes soovib, et veebileht oleks kasutatav v\u00f5imalikult paljudele inimestele ning vastaks ligip\u00e4\u00e4setavuse n\u00f5uetele. Teatis on koostatud 20.04.2026 v\u00e4lise hindaja poolt&#8230;<\/p>\n","protected":false},"author":5,"featured_media":0,"parent":0,"menu_order":0,"comment_status":"closed","ping_status":"closed","template":"","meta":{"_acf_changed":false,"footnotes":""},"class_list":["post-3559","page","type-page","status-publish","hentry"],"acf":[],"_links":{"self":[{"href":"https:\/\/www.ulemistetervisemaja.ee\/en\/wp-json\/wp\/v2\/pages\/3559","targetHints":{"allow":["GET"]}}],"collection":[{"href":"https:\/\/www.ulemistetervisemaja.ee\/en\/wp-json\/wp\/v2\/pages"}],"about":[{"href":"https:\/\/www.ulemistetervisemaja.ee\/en\/wp-json\/wp\/v2\/types\/page"}],"author":[{"embeddable":true,"href":"https:\/\/www.ulemistetervisemaja.ee\/en\/wp-json\/wp\/v2\/users\/5"}],"replies":[{"embeddable":true,"href":"https:\/\/www.ulemistetervisemaja.ee\/en\/wp-json\/wp\/v2\/comments?post=3559"}],"version-history":[{"count":1,"href":"https:\/\/www.ulemistetervisemaja.ee\/en\/wp-json\/wp\/v2\/pages\/3559\/revisions"}],"predecessor-version":[{"id":3560,"href":"https:\/\/www.ulemistetervisemaja.ee\/en\/wp-json\/wp\/v2\/pages\/3559\/revisions\/3560"}],"wp:attachment":[{"href":"https:\/\/www.ulemistetervisemaja.ee\/en\/wp-json\/wp\/v2\/media?parent=3559"}],"curies":[{"name":"wp","href":"https:\/\/api.w.org\/{rel}","templated":true}]}}